{"id":2898,"date":"2023-08-26T01:07:07","date_gmt":"2023-08-25T23:07:07","guid":{"rendered":"https:\/\/elixircar.com\/?page_id=2898"},"modified":"2024-05-03T14:17:53","modified_gmt":"2024-05-03T12:17:53","slug":"carriere","status":"publish","type":"page","link":"https:\/\/elixircar.com\/index.php\/carriere\/","title":{"rendered":"Carri\u00e8re"},"content":{"rendered":"\t\t<div data-elementor-type=\"wp-page\" data-elementor-id=\"2898\" class=\"elementor elementor-2898\">\n\t\t\t\t\t\t<section class=\"elementor-section elementor-top-section elementor-element elementor-element-5a78a349 elementor-section-content-middle elementor-section-boxed elementor-section-height-default elementor-section-height-default\" data-id=\"5a78a349\" data-element_type=\"section\" data-settings=\"{&quot;background_background&quot;:&quot;classic&quot;,&quot;shape_divider_bottom&quot;:&quot;tilt&quot;}\">\n\t\t\t\t\t\t\t<div class=\"elementor-background-overlay\"><\/div>\n\t\t\t\t\t\t<div class=\"elementor-shape elementor-shape-bottom\" data-negative=\"false\">\n\t\t\t<svg xmlns=\"http:\/\/www.w3.org\/2000\/svg\" viewBox=\"0 0 1000 100\" preserveAspectRatio=\"none\">\n\t<path class=\"elementor-shape-fill\" d=\"M0,6V0h1000v100L0,6z\"\/>\n<\/svg>\t\t<\/div>\n\t\t\t\t\t<div class=\"elementor-container elementor-column-gap-no\">\n\t\t\t\t\t<div class=\"elementor-column elementor-col-50 elementor-top-column elementor-element elementor-element-559e1840 elementor-invisible\" data-id=\"559e1840\" data-element_type=\"column\" data-settings=\"{&quot;animation&quot;:&quot;fadeIn&quot;}\">\n\t\t\t<div class=\"elementor-widget-wrap elementor-element-populated\">\n\t\t\t\t\t\t<div class=\"elementor-element elementor-element-f5c71c5 elementor-widget elementor-widget-spacer\" data-id=\"f5c71c5\" data-element_type=\"widget\" data-widget_type=\"spacer.default\">\n\t\t\t\t<div class=\"elementor-widget-container\">\n\t\t\t<style>\/*! elementor - v3.20.0 - 11-03-2024 *\/\n.elementor-column .elementor-spacer-inner{height:var(--spacer-size)}.e-con{--container-widget-width:100%}.e-con-inner>.elementor-widget-spacer,.e-con>.elementor-widget-spacer{width:var(--container-widget-width,var(--spacer-size));--align-self:var(--container-widget-align-self,initial);--flex-shrink:0}.e-con-inner>.elementor-widget-spacer>.elementor-widget-container,.e-con>.elementor-widget-spacer>.elementor-widget-container{height:100%;width:100%}.e-con-inner>.elementor-widget-spacer>.elementor-widget-container>.elementor-spacer,.e-con>.elementor-widget-spacer>.elementor-widget-container>.elementor-spacer{height:100%}.e-con-inner>.elementor-widget-spacer>.elementor-widget-container>.elementor-spacer>.elementor-spacer-inner,.e-con>.elementor-widget-spacer>.elementor-widget-container>.elementor-spacer>.elementor-spacer-inner{height:var(--container-widget-height,var(--spacer-size))}.e-con-inner>.elementor-widget-spacer.elementor-widget-empty,.e-con>.elementor-widget-spacer.elementor-widget-empty{position:relative;min-height:22px;min-width:22px}.e-con-inner>.elementor-widget-spacer.elementor-widget-empty .elementor-widget-empty-icon,.e-con>.elementor-widget-spacer.elementor-widget-empty .elementor-widget-empty-icon{position:absolute;top:0;bottom:0;left:0;right:0;margin:auto;padding:0;width:22px;height:22px}<\/style>\t\t<div class=\"elementor-spacer\">\n\t\t\t<div class=\"elementor-spacer-inner\"><\/div>\n\t\t<\/div>\n\t\t\t\t<\/div>\n\t\t\t\t<\/div>\n\t\t\t\t<div class=\"elementor-element elementor-element-ba68530 elementor-widget elementor-widget-heading\" data-id=\"ba68530\" data-element_type=\"widget\" data-widget_type=\"heading.default\">\n\t\t\t\t<div class=\"elementor-widget-container\">\n\t\t\t<style>\/*! elementor - v3.20.0 - 11-03-2024 *\/\n.elementor-heading-title{padding:0;margin:0;line-height:1}.elementor-widget-heading .elementor-heading-title[class*=elementor-size-]>a{color:inherit;font-size:inherit;line-height:inherit}.elementor-widget-heading .elementor-heading-title.elementor-size-small{font-size:15px}.elementor-widget-heading .elementor-heading-title.elementor-size-medium{font-size:19px}.elementor-widget-heading .elementor-heading-title.elementor-size-large{font-size:29px}.elementor-widget-heading .elementor-heading-title.elementor-size-xl{font-size:39px}.elementor-widget-heading .elementor-heading-title.elementor-size-xxl{font-size:59px}<\/style><h4 class=\"elementor-heading-title elementor-size-default\">Rejoignez nous<\/h4>\t\t<\/div>\n\t\t\t\t<\/div>\n\t\t\t\t<div class=\"elementor-element elementor-element-1fe271b4 elementor-widget elementor-widget-heading\" data-id=\"1fe271b4\" data-element_type=\"widget\" data-widget_type=\"heading.default\">\n\t\t\t\t<div class=\"elementor-widget-container\">\n\t\t\t<h2 class=\"elementor-heading-title elementor-size-default\">Chez ElixirCar<\/h2>\t\t<\/div>\n\t\t\t\t<\/div>\n\t\t\t\t<div class=\"elementor-element elementor-element-2e2c68c4 elementor-widget elementor-widget-text-editor\" data-id=\"2e2c68c4\" data-element_type=\"widget\" data-widget_type=\"text-editor.default\">\n\t\t\t\t<div class=\"elementor-widget-container\">\n\t\t\t<style>\/*! elementor - v3.20.0 - 11-03-2024 *\/\n.elementor-widget-text-editor.elementor-drop-cap-view-stacked .elementor-drop-cap{background-color:#69727d;color:#fff}.elementor-widget-text-editor.elementor-drop-cap-view-framed .elementor-drop-cap{color:#69727d;border:3px solid;background-color:transparent}.elementor-widget-text-editor:not(.elementor-drop-cap-view-default) .elementor-drop-cap{margin-top:8px}.elementor-widget-text-editor:not(.elementor-drop-cap-view-default) .elementor-drop-cap-letter{width:1em;height:1em}.elementor-widget-text-editor .elementor-drop-cap{float:left;text-align:center;line-height:1;font-size:50px}.elementor-widget-text-editor .elementor-drop-cap-letter{display:inline-block}<\/style>\t\t\t\t<p>Rejoignez ElixirCar, l&rsquo;entreprise la plus dynamique, et d\u00e9voilez votre plein potentiel en participant \u00e0 nos services de m\u00e9caniciens \u00e0 domicile et d&rsquo;interventions en cas de pannes inattendues.<\/p>\t\t\t\t\t\t<\/div>\n\t\t\t\t<\/div>\n\t\t\t\t<div class=\"elementor-element elementor-element-5485141c elementor-widget elementor-widget-eael-creative-button\" data-id=\"5485141c\" data-element_type=\"widget\" data-widget_type=\"eael-creative-button.default\">\n\t\t\t\t<div class=\"elementor-widget-container\">\n\t\t\t        <div class=\"eael-creative-button-wrapper\">\n\n            <a class=\"eael-creative-button eael-creative-button--aylen\" href=\"#\" data-text=\"Go!\">\n\n\t    \n                <div class=\"creative-button-inner\">\n\n                    \n                    <span class=\"cretive-button-text\">Postuler<\/span>\n\n                                    <\/div>\n\t                        <\/a>\n        <\/div>\n\t\t<\/div>\n\t\t\t\t<\/div>\n\t\t\t\t\t<\/div>\n\t\t<\/div>\n\t\t\t\t<div class=\"elementor-column elementor-col-50 elementor-top-column elementor-element elementor-element-6390b6b0\" data-id=\"6390b6b0\" data-element_type=\"column\">\n\t\t\t<div class=\"elementor-widget-wrap elementor-element-populated\">\n\t\t\t\t\t\t<div class=\"elementor-element elementor-element-4f3abec elementor-widget__width-initial elementor-widget elementor-widget-image\" data-id=\"4f3abec\" data-element_type=\"widget\" data-widget_type=\"image.default\">\n\t\t\t\t<div class=\"elementor-widget-container\">\n\t\t\t<style>\/*! elementor - v3.20.0 - 11-03-2024 *\/\n.elementor-widget-image{text-align:center}.elementor-widget-image a{display:inline-block}.elementor-widget-image a img[src$=\".svg\"]{width:48px}.elementor-widget-image img{vertical-align:middle;display:inline-block}<\/style>\t\t\t\t\t\t\t\t\t\t<img fetchpriority=\"high\" decoding=\"async\" width=\"1080\" height=\"1080\" src=\"https:\/\/i0.wp.com\/elixircar.com\/wp-content\/uploads\/2024\/04\/Landing-page-Google-ADS-53.png?fit=1080%2C1080&amp;ssl=1\" class=\"attachment-full size-full wp-image-4103\" alt=\"\" srcset=\"https:\/\/i0.wp.com\/elixircar.com\/wp-content\/uploads\/2024\/04\/Landing-page-Google-ADS-53.png?w=1080&amp;ssl=1 1080w, https:\/\/i0.wp.com\/elixircar.com\/wp-content\/uploads\/2024\/04\/Landing-page-Google-ADS-53.png?resize=300%2C300&amp;ssl=1 300w, https:\/\/i0.wp.com\/elixircar.com\/wp-content\/uploads\/2024\/04\/Landing-page-Google-ADS-53.png?resize=1024%2C1024&amp;ssl=1 1024w, https:\/\/i0.wp.com\/elixircar.com\/wp-content\/uploads\/2024\/04\/Landing-page-Google-ADS-53.png?resize=150%2C150&amp;ssl=1 150w, https:\/\/i0.wp.com\/elixircar.com\/wp-content\/uploads\/2024\/04\/Landing-page-Google-ADS-53.png?resize=768%2C768&amp;ssl=1 768w, https:\/\/i0.wp.com\/elixircar.com\/wp-content\/uploads\/2024\/04\/Landing-page-Google-ADS-53.png?resize=800%2C800&amp;ssl=1 800w, https:\/\/i0.wp.com\/elixircar.com\/wp-content\/uploads\/2024\/04\/Landing-page-Google-ADS-53.png?resize=700%2C700&amp;ssl=1 700w, https:\/\/i0.wp.com\/elixircar.com\/wp-content\/uploads\/2024\/04\/Landing-page-Google-ADS-53.png?resize=100%2C100&amp;ssl=1 100w\" sizes=\"(max-width: 1080px) 100vw, 1080px\" \/>\t\t\t\t\t\t\t\t\t\t\t\t\t<\/div>\n\t\t\t\t<\/div>\n\t\t\t\t\t<\/div>\n\t\t<\/div>\n\t\t\t\t\t<\/div>\n\t\t<\/section>\n\t\t\t\t<section class=\"elementor-section elementor-top-section elementor-element elementor-element-1d5b4f37 elementor-reverse-mobile elementor-section-boxed elementor-section-height-default elementor-section-height-default\" data-id=\"1d5b4f37\" data-element_type=\"section\" data-settings=\"{&quot;background_background&quot;:&quot;classic&quot;,&quot;shape_divider_bottom&quot;:&quot;tilt&quot;}\">\n\t\t\t\t\t<div class=\"elementor-shape elementor-shape-bottom\" data-negative=\"false\">\n\t\t\t<svg xmlns=\"http:\/\/www.w3.org\/2000\/svg\" viewBox=\"0 0 1000 100\" preserveAspectRatio=\"none\">\n\t<path class=\"elementor-shape-fill\" d=\"M0,6V0h1000v100L0,6z\"\/>\n<\/svg>\t\t<\/div>\n\t\t\t\t\t<div class=\"elementor-container elementor-column-gap-no\">\n\t\t\t\t\t<div class=\"elementor-column elementor-col-50 elementor-top-column elementor-element elementor-element-4fc4602a\" data-id=\"4fc4602a\" data-element_type=\"column\">\n\t\t\t<div class=\"elementor-widget-wrap elementor-element-populated\">\n\t\t\t\t\t\t<div class=\"elementor-element elementor-element-98e8827 elementor-widget elementor-widget-image\" data-id=\"98e8827\" data-element_type=\"widget\" data-widget_type=\"image.default\">\n\t\t\t\t<div class=\"elementor-widget-container\">\n\t\t\t\t\t\t\t\t\t\t\t\t\t<img decoding=\"async\" width=\"1024\" height=\"1024\" src=\"https:\/\/i0.wp.com\/elixircar.com\/wp-content\/uploads\/2024\/04\/Landing-page-Google-ADS-54.png?fit=1024%2C1024&amp;ssl=1\" class=\"attachment-large size-large wp-image-4116\" alt=\"\" srcset=\"https:\/\/i0.wp.com\/elixircar.com\/wp-content\/uploads\/2024\/04\/Landing-page-Google-ADS-54.png?w=1080&amp;ssl=1 1080w, https:\/\/i0.wp.com\/elixircar.com\/wp-content\/uploads\/2024\/04\/Landing-page-Google-ADS-54.png?resize=300%2C300&amp;ssl=1 300w, https:\/\/i0.wp.com\/elixircar.com\/wp-content\/uploads\/2024\/04\/Landing-page-Google-ADS-54.png?resize=1024%2C1024&amp;ssl=1 1024w, https:\/\/i0.wp.com\/elixircar.com\/wp-content\/uploads\/2024\/04\/Landing-page-Google-ADS-54.png?resize=150%2C150&amp;ssl=1 150w, https:\/\/i0.wp.com\/elixircar.com\/wp-content\/uploads\/2024\/04\/Landing-page-Google-ADS-54.png?resize=768%2C768&amp;ssl=1 768w, https:\/\/i0.wp.com\/elixircar.com\/wp-content\/uploads\/2024\/04\/Landing-page-Google-ADS-54.png?resize=800%2C800&amp;ssl=1 800w, https:\/\/i0.wp.com\/elixircar.com\/wp-content\/uploads\/2024\/04\/Landing-page-Google-ADS-54.png?resize=700%2C700&amp;ssl=1 700w, https:\/\/i0.wp.com\/elixircar.com\/wp-content\/uploads\/2024\/04\/Landing-page-Google-ADS-54.png?resize=100%2C100&amp;ssl=1 100w\" sizes=\"(max-width: 1024px) 100vw, 1024px\" \/>\t\t\t\t\t\t\t\t\t\t\t\t\t<\/div>\n\t\t\t\t<\/div>\n\t\t\t\t\t<\/div>\n\t\t<\/div>\n\t\t\t\t<div class=\"elementor-column elementor-col-50 elementor-top-column elementor-element elementor-element-5d98d08a elementor-invisible\" data-id=\"5d98d08a\" data-element_type=\"column\" data-settings=\"{&quot;animation&quot;:&quot;fadeInUp&quot;}\">\n\t\t\t<div class=\"elementor-widget-wrap elementor-element-populated\">\n\t\t\t\t\t\t<div class=\"elementor-element elementor-element-5a35309c elementor-widget elementor-widget-eael-dual-color-header\" data-id=\"5a35309c\" data-element_type=\"widget\" data-widget_type=\"eael-dual-color-header.default\">\n\t\t\t\t<div class=\"elementor-widget-container\">\n\t\t\t\n\t\t        <div class=\"eael-dual-header\">\n\t\t\t\t<h2 class=\"title\"><span  class=\"lead solid-color\">Vie d&#039;entreprise<\/span> <span>Elixircareer<\/span><\/h2>\n\t\t\t\t<span class=\"subtext\"><\/span>\n\t\t\t\t<\/div>\n\t\n\t\t\n\t\t\n\t\t\n\t\t\t\t<\/div>\n\t\t\t\t<\/div>\n\t\t\t\t<div class=\"elementor-element elementor-element-1a4dce8d elementor-widget elementor-widget-text-editor\" data-id=\"1a4dce8d\" data-element_type=\"widget\" data-widget_type=\"text-editor.default\">\n\t\t\t\t<div class=\"elementor-widget-container\">\n\t\t\t\t\t\t\t<p>Convaincus qu\u2019une culture d\u2019entreprise dynamique et un environnement de travail favorable contribuent \u00e0 l\u2019\u00e9panouissement de nos collaborateurs dans un climat de travail agr\u00e9able, nous mettons tout en \u0153uvre pour que nos collaborateurs puissent s\u2019\u00e9panouir pleinement au sein d\u2019ElixirCar.<\/p>\t\t\t\t\t\t<\/div>\n\t\t\t\t<\/div>\n\t\t\t\t<div class=\"elementor-element elementor-element-39961a87 elementor-widget elementor-widget-text-editor\" data-id=\"39961a87\" data-element_type=\"widget\" data-widget_type=\"text-editor.default\">\n\t\t\t\t<div class=\"elementor-widget-container\">\n\t\t\t\t\t\t\t<ul><li>Nous favorisons une culture d\u2019entreprise fond\u00e9e sur un management par les valeurs et la proximit\u00e9\u00a0<\/li><li>Nous \u0153uvrons sans cesse \u00e0 un environnement de travail confortable, convivial et dynamique<\/li><li>Nous investissons fortement dans la vie d\u2019entreprise<\/li><\/ul>\t\t\t\t\t\t<\/div>\n\t\t\t\t<\/div>\n\t\t\t\t<div class=\"elementor-element elementor-element-6bc60a74 elementor-widget elementor-widget-eael-creative-button\" data-id=\"6bc60a74\" data-element_type=\"widget\" data-widget_type=\"eael-creative-button.default\">\n\t\t\t\t<div class=\"elementor-widget-container\">\n\t\t\t        <div class=\"eael-creative-button-wrapper\">\n\n            <a class=\"eael-creative-button eael-creative-button--aylen\" href=\"#\" data-text=\"\">\n\n\t    \n                <div class=\"creative-button-inner\">\n\n                    \n                    <span class=\"cretive-button-text\">En savoir plus<\/span>\n\n                                    <\/div>\n\t                        <\/a>\n        <\/div>\n\t\t<\/div>\n\t\t\t\t<\/div>\n\t\t\t\t\t<\/div>\n\t\t<\/div>\n\t\t\t\t\t<\/div>\n\t\t<\/section>\n\t\t\t\t<\/div>\n\t\t","protected":false},"excerpt":{"rendered":"<p>Rejoignez nous Chez ElixirCar Rejoignez ElixirCar, l&rsquo;entreprise la plus dynamique, et d\u00e9voilez votre plein potentiel en participant \u00e0 nos services de m\u00e9caniciens \u00e0 domicile et d&rsquo;interventions en cas de pannes inattendues. Postuler Vie d&#039;entreprise Elixircareer Convaincus qu\u2019une culture d\u2019entreprise dynamique et un environnement de travail favorable contribuent \u00e0 l\u2019\u00e9panouissement de nos collaborateurs dans un climat&#8230;<\/p>\n","protected":false},"author":1,"featured_media":0,"parent":0,"menu_order":0,"comment_status":"closed","ping_status":"closed","template":"","meta":{"_gspb_post_css":"","om_disable_all_campaigns":false,"_monsterinsights_skip_tracking":false,"_monsterinsights_sitenote_active":false,"_monsterinsights_sitenote_note":"","_monsterinsights_sitenote_category":0,"_kadence_starter_templates_imported_post":false,"_kad_post_transparent":"","_kad_post_title":"hide","_kad_post_layout":"fullwidth","_kad_post_sidebar_id":"","_kad_post_content_style":"unboxed","_kad_post_vertical_padding":"hide","_kad_post_feature":"hide","_kad_post_feature_position":"","_kad_post_header":false,"_kad_post_footer":false,"footnotes":""},"aioseo_notices":[],"jetpack_sharing_enabled":true,"jetpack-related-posts":[],"_links":{"self":[{"href":"https:\/\/elixircar.com\/index.php\/wp-json\/wp\/v2\/pages\/2898"}],"collection":[{"href":"https:\/\/elixircar.com\/index.php\/wp-json\/wp\/v2\/pages"}],"about":[{"href":"https:\/\/elixircar.com\/index.php\/wp-json\/wp\/v2\/types\/page"}],"author":[{"embeddable":true,"href":"https:\/\/elixircar.com\/index.php\/wp-json\/wp\/v2\/users\/1"}],"replies":[{"embeddable":true,"href":"https:\/\/elixircar.com\/index.php\/wp-json\/wp\/v2\/comments?post=2898"}],"version-history":[{"count":58,"href":"https:\/\/elixircar.com\/index.php\/wp-json\/wp\/v2\/pages\/2898\/revisions"}],"predecessor-version":[{"id":4138,"href":"https:\/\/elixircar.com\/index.php\/wp-json\/wp\/v2\/pages\/2898\/revisions\/4138"}],"wp:attachment":[{"href":"https:\/\/elixircar.com\/index.php\/wp-json\/wp\/v2\/media?parent=2898"}],"curies":[{"name":"wp","href":"https:\/\/api.w.org\/{rel}","templated":true}]}}